{"id":123,"date":"2021-08-09T17:17:01","date_gmt":"2021-08-09T20:17:01","guid":{"rendered":"https:\/\/vsc.com.br\/transportadora\/?page_id=123"},"modified":"2021-08-09T17:20:59","modified_gmt":"2021-08-09T20:20:59","slug":"politica-de-privacidade-de-dados","status":"publish","type":"page","link":"https:\/\/vsc.com.br\/transportadora\/politica-de-privacidade-de-dados\/","title":{"rendered":"Pol\u00edtica de Privacidade de Dados"},"content":{"rendered":"<h1>Pol\u00edtica de Privacidade de Dados<\/h1>\n<p>A\u00a0VIA\u00c7\u00c3O S\u00c3O CRIST\u00d3V\u00c3O valoriza e preza por seus clientes, estando sempre comprometida com a prote\u00e7\u00e3o e a privacidade dos seus dados pessoais. Desta forma, esclarecemos e divulgamos nossa pol\u00edtica de privacidade de dados, onde est\u00e3o descritas as diretrizes e pr\u00e1ticas da\u00a0VIA\u00c7\u00c3O S\u00c3O CRIST\u00d3V\u00c3O acerca do armazenamento, uso, conserva\u00e7\u00e3o e divulga\u00e7\u00e3o das informa\u00e7\u00f5es pessoais coletadas em nossos canais, explicando, pois, como usamos\/tratamos os seus dados, para que voc\u00ea possa tomar decis\u00f5es livres e informadas, a fim de melhor controlar suas permiss\u00f5es.<\/p>\n<p>Pedimos que voc\u00ea use alguns instantes para entender essa pol\u00edtica, que permitir\u00e1 que voc\u00ea saiba:<\/p>\n<ol>\n<li><strong> Quem somos n\u00f3s?<\/strong><\/li>\n<\/ol>\n<p>Os nossos servi\u00e7os s\u00e3o providos pela sociedade indicada abaixo:<\/p>\n<p>Via\u00e7\u00e3o S\u00e3o Crist\u00f3v\u00e3o Ltda., sociedade empres\u00e1ria, com sede na Avenida Autorama, n. 1.000, bairro Catal\u00e3o, Divin\u00f3polis\/MG, inscrita no CNPJ sob o n\u00ba 20.146.015\/0001-70.<\/p>\n<p>Sempre que essa pol\u00edtica utilizar as express\u00f5es \u201cVSC\u201d, \u201cEmpresa\u201d ou \u201cn\u00f3s\u201d ela est\u00e1 se referindo \u00e0 sociedade descrita acima.<\/p>\n<ol start=\"2\">\n<li><strong><br \/>\nQuais dados pessoais n\u00f3s coletamos e como fazemos isso?<\/strong><\/li>\n<\/ol>\n<p>Os seus dados pessoais podem ser coletados de tr\u00eas formas:<\/p>\n<ol>\n<li><u>a) dados fornecidos espontaneamente pelo usu\u00e1rio:<\/u><\/li>\n<\/ol>\n<p>Os dados s\u00e3o coletados quando inseridos ou submetidos, voluntariamente, pelo usu\u00e1rio, no site da VSC. Nesse caso s\u00e3o coletados os seguintes dados:<\/p>\n<ol>\n<li>Dados de identifica\u00e7\u00e3o &#8211; nome completo, data de nascimento, CPF, sexo, dentre outros<\/li>\n<li>Dados de contato &#8211; e-mail, telefone celular, endere\u00e7o, dentre outros; e,<\/li>\n<\/ol>\n<p>III.\u00a0 \u00a0Dados de cobran\u00e7a &#8211; cart\u00e3o de cr\u00e9dito, dentre outros.<\/p>\n<p>Em alguns casos ser\u00e1 necess\u00e1rio coletar dados de crian\u00e7as ou adolescentes que possuam v\u00ednculo parental com o usu\u00e1rio, ou estejam sob a sua responsabilidade legal, hip\u00f3tese em que ser\u00e1 requerido o expresso consentimento do usu\u00e1rio para realiza\u00e7\u00e3o das opera\u00e7\u00f5es de tratamento desses dados.<\/p>\n<p>Cabe ao usu\u00e1rio o dever de prestar informa\u00e7\u00f5es corretas e atualizadas, uma vez que a VSC n\u00e3o \u00e9 respons\u00e1vel pela precis\u00e3o, veracidade ou falta dela, nas informa\u00e7\u00f5es prestadas pelo usu\u00e1rio.<\/p>\n<ol>\n<li><u>b) Dados fornecidos por terceiros:<\/u><\/li>\n<\/ol>\n<p>Al\u00e9m dos dados disponibilizados\u00a0pelo usu\u00e1rio, a\u00a0VSC, nos limites legais, poder\u00e1 obter outros dados pessoais junto a terceiros, tais como entidades afiliadas, parceiros comerciais e outras fontes independentes, como, por exemplo, bases de dados p\u00fablicas, informa\u00e7\u00f5es recolhidas durante uma conversa telef\u00f4nica junto ao Servi\u00e7o de Atendimento ao Cliente (SAC) e\/ou atrav\u00e9s de aplicativos em geral. Todo e qualquer dado pessoal obtido pela VSC, ser\u00e1 tratado em conformidade com as disposi\u00e7\u00f5es desta Pol\u00edtica de Privacidade.<\/p>\n<ol>\n<li><u>c) Dados coletados automaticamente:<\/u><\/li>\n<\/ol>\n<p>S\u00e3o coletados automaticamente dados dos usu\u00e1rios por meio da utiliza\u00e7\u00e3o de cookies. Todas as quest\u00f5es relacionadas a tais dados podem ser consultadas na nossa Pol\u00edtica de Cookies<\/p>\n<p><a href=\"..\/AppData\/AppData\/Local\/Microsoft\/Windows\/INetCache\/AppData\/Local\/Microsoft\/Windows\/INetCache\/Content.Outlook\/WSYCDQ05\/(https:\/www.vsc.com.br\/politicas-de-cookies)\">(https:\/\/www.vsc.com.br\/politicas-de-cookies)<\/a>.<\/p>\n<ol start=\"3\">\n<li><strong> Para que utilizamos os dados que recolhemos?<\/strong><\/li>\n<\/ol>\n<p>Os dados constantes do item 2, ap\u00f3s coletados, poder\u00e3o ser utilizados para as seguintes finalidades:<\/p>\n<ol>\n<li>a) Realizar cadastro no site da VSC, al\u00e9m de validar e identificar o usu\u00e1rio;<\/li>\n<li>b) Viabilizar a execu\u00e7\u00e3o dos servi\u00e7os, com a emiss\u00e3o de documentos indispens\u00e1veis para sua realiza\u00e7\u00e3o, tais como: contrato de transporte de passageiros; emiss\u00e3o de passagem e lista de passageiros;<\/li>\n<li>c) Realizar a cobran\u00e7a dos servi\u00e7os, emiss\u00e3o de nota fiscal e indenizar os usu\u00e1rios por eventuais danos;<\/li>\n<li>d) An\u00e1lise de cr\u00e9dito;<\/li>\n<li>e) Enviar ao usu\u00e1rio novas informa\u00e7\u00f5es, ofertas, promo\u00e7\u00f5es e atividades relacionadas \u00e0 VSC, sendo assegurado ao usu\u00e1rio o direito de solicitar a exclus\u00e3o dos seus dados a qualquer tempo; e<\/li>\n<li>f) Realizar pesquisas de opini\u00e3o, estat\u00edsticas ou an\u00e1lises sobre h\u00e1bitos de consumo ou prefer\u00eancias, que podem incluir estudos internos sobre os interesses e comportamentos dos usu\u00e1rios, para compreender melhor suas necessidades e interesses, melhorando nossas iniciativas comerciais e promocionais, personalizar seus conte\u00fados, inclusive para exibir publicidade ou promo\u00e7\u00f5es e banners que sejam interessantes para os nossos usu\u00e1rios.<\/li>\n<\/ol>\n<p>Os processos de tratamento de dados previstos acima est\u00e3o amparados nas seguintes bases legais nos termos da Lei n. 13.709\/2018 (Lei Geral de Prote\u00e7\u00e3o de Dados &#8211; LGPD):<\/p>\n<ol>\n<li><u>Cumprimento de Obriga\u00e7\u00e3o legal ou Regulat\u00f3ria (art. 7\u00b0 inciso II):<\/u> Item: b) (emiss\u00e3o de passagem e lista de passageiros).<\/li>\n<li><u>Quando necess\u00e1rio para execu\u00e7\u00e3o de contrato ou de procedimentos preliminares relacionados ao contrato (art. 7\u00b0 inciso V):<\/u> Itens: a); b) (contrato de transporte de passageiros); c) e d).<\/li>\n<\/ol>\n<p>III.\u00a0<u>Quando necess\u00e1rio para atender aos interesses leg\u00edtimos do controlador ou de terceiros (art. 7\u00b0 inciso IX):<\/u> Itens: e) e f).<\/p>\n<ol start=\"4\">\n<li><strong><br \/>\nCom quem compartilhamos os dados?<\/strong><\/li>\n<\/ol>\n<p>Os seus dados pessoais somente ser\u00e3o compartilhados com terceiros nas seguintes hip\u00f3teses:<\/p>\n<ol>\n<li>a) em favor de prestadores de servi\u00e7os para a gest\u00e3o das suas solicita\u00e7\u00f5es de compra e processamento dos seus pagamentos com empresas espec\u00edficas para tais fins, tais como: cart\u00f5es de cr\u00e9dito, an\u00e1lise de cr\u00e9dito, servi\u00e7o de atendimento ao cliente e preven\u00e7\u00e3o de fraudes;<\/li>\n<li>b) oferecimento conjunto de produtos e servi\u00e7os com parceiros comerciais; e,<\/li>\n<li>c) cumprimento de obriga\u00e7\u00e3o legal ou regulat\u00f3ria.<\/li>\n<\/ol>\n<p>De toda forma, todos os prestadores de servi\u00e7os e parceiros comerciais da VSC, est\u00e3o sujeitos a rigorosos contratos que pro\u00edbem a utiliza\u00e7\u00e3o ou divulga\u00e7\u00e3o n\u00e3o autorizada dos dados pessoais aos quais t\u00eam acesso.<\/p>\n<ol start=\"5\">\n<li><strong> Onde armazenamos e como protegemos as informa\u00e7\u00f5es recolhidas?<\/strong><\/li>\n<\/ol>\n<p>A VSC trabalha diuturnamente para proteger nossos usu\u00e1rios contra acessos n\u00e3o autorizados, altera\u00e7\u00f5es, vazamentos ou destrui\u00e7\u00e3o de seus dados pessoais, adotando os n\u00edveis legalmente exig\u00edveis para impedir ou minimizar incidentes de privacidade, sendo necess\u00e1rio cientific\u00e1-los, no entanto, de que as medidas de seguran\u00e7a relativas \u00e0 Internet n\u00e3o s\u00e3o, integralmente, infal\u00edveis.<\/p>\n<p>Monitoramos, regularmente, os nossos sistemas para identificar poss\u00edveis vulnerabilidades ou ataques e revisamos, rotineiramente, nossos procedimentos de coleta, armazenamento e processamento de dados para melhorar a efici\u00eancia das nossas medidas de seguran\u00e7a. Os dados pessoais s\u00e3o tratados com o n\u00edvel de prote\u00e7\u00e3o exigido pela legisla\u00e7\u00e3o em vigor, de modo a garantir sua seguran\u00e7a e evitar altera\u00e7\u00f5es, perdas, tratamentos ou acessos n\u00e3o autorizados.<\/p>\n<p>Podemos suspender, parcial ou integralmente, os nossos servi\u00e7os, sem aviso pr\u00e9vio, em caso de suspeita de quebra de seguran\u00e7a.<\/p>\n<p>Adicionalmente, empregamos esfor\u00e7os na conscientiza\u00e7\u00e3o de nossos colaboradores sobre da import\u00e2ncia do tema prote\u00e7\u00e3o de dados, no intuito de mant\u00ea-los atualizados acerca das melhores pr\u00e1ticas, bem como, da import\u00e2ncia no controle de acesso e do sigilo que deve ser aplicado a estes dados.<\/p>\n<p>Armazenamos as informa\u00e7\u00f5es pelo per\u00edodo necess\u00e1rio para que todas as finalidades previstas nesta Pol\u00edtica e nos Termos e Condi\u00e7\u00f5es de Uso da VSC, sejam atingidas integralmente.<\/p>\n<p>Os dados referentes aos registros de acesso aos servi\u00e7os providos pela Empresa estar\u00e3o armazenados em ambiente seguro e controlado pelo prazo m\u00ednimo de 6 (seis) meses, em conformidade com o art. 15 do Marco Civil da Internet (Lei 12.965\/14), observado o estado da t\u00e9cnica dispon\u00edvel.<\/p>\n<ol start=\"6\">\n<li><strong><br \/>\nQuais s\u00e3o seus direitos?<\/strong><\/li>\n<\/ol>\n<p>Nos termos da legisla\u00e7\u00e3o em vigor, s\u00e3o Direitos dos usu\u00e1rios:<\/p>\n<ol>\n<li>a) solicitar a exibi\u00e7\u00e3o ou retifica\u00e7\u00e3o de seus dados pessoais;<\/li>\n<li>b) requerer a limita\u00e7\u00e3o do uso de seus dados pessoais;<\/li>\n<li>c) manifestar sua oposi\u00e7\u00e3o ao uso de seus dados pessoais; e,<\/li>\n<li>d) solicitar a exclus\u00e3o de seus dados pessoais coletados e registrados pela VSC, por meio dos nossos canais de atendimento indicados no rodap\u00e9 de nosso site<\/li>\n<\/ol>\n<p>A VSC, poder\u00e1 reter os referidos dados pessoais em seus sistemas, nas hip\u00f3teses autorizadas por lei. Todavia, em qualquer caso, as informa\u00e7\u00f5es de um usu\u00e1rio n\u00e3o ser\u00e3o retiradas imediatamente dos nossos arquivos por motivos legais e t\u00e9cnicos, incluindo-se os sistemas de suporte de seguran\u00e7a. Portanto, embora a VSC comprometa-se a empregar seus melhores esfor\u00e7os, poder\u00e1 ocorrer que nem todas as Informa\u00e7\u00f5es pessoais sejam, definitivamente, eliminadas por um per\u00edodo de tempo previsto em Lei.<\/p>\n<ol start=\"7\">\n<li><strong><br \/>\nComo iremos notific\u00e1-lo em caso de mudan\u00e7as \u00e0 essa pol\u00edtica?<\/strong><\/li>\n<\/ol>\n<p>A VSC, poder\u00e1 atualizar essa Pol\u00edtica de Privacidade periodicamente, sendo que a vers\u00e3o em vigor ser\u00e1 sempre a mais recente.<\/p>\n<p>Se a pol\u00edtica sofrer alguma altera\u00e7\u00e3o, em termos materiais, poder\u00e1 ser afixado um aviso no nosso site ou aplicativo.<\/p>\n<p>Para verificar a data da vers\u00e3o em vigor, verifique a \u201cData de atualiza\u00e7\u00e3o\u201d no in\u00edcio desse documento<\/p>\n<p>Caso voc\u00ea tenha alguma quest\u00e3o adicional sobre o tratamento dos seus dados n\u00e3o hesite em fazer contato em nossos canais de atendimento disponibilizados atrav\u00e9s de nosso site (<a href=\"https:\/\/www.vsc.com.br\/\">https:\/\/www.vsc.com.br\/<\/a>).<\/p>\n<p>Como condi\u00e7\u00e3o para acesso e utiliza\u00e7\u00e3o dos servi\u00e7os oferecidos pela VSC, o usu\u00e1rio declara que fez a leitura completa e atenta da presente Pol\u00edtica de Privacidade, estando plenamente ciente, conferindo, assim, sua livre e expressa concord\u00e2ncia com os termos aqui estipulados.<\/p>\n<p>&nbsp;<\/p>\n<p>&nbsp;<\/p>\n","protected":false},"excerpt":{"rendered":"<p>Pol\u00edtica de Privacidade de Dados A\u00a0VIA\u00c7\u00c3O S\u00c3O CRIST\u00d3V\u00c3O valoriza e preza por seus clientes, estando sempre comprometida com a prote\u00e7\u00e3o e a privacidade dos seus dados pessoais. Desta forma, esclarecemos e divulgamos nossa pol\u00edtica de privacidade de dados, onde est\u00e3o descritas as diretrizes e pr\u00e1ticas da\u00a0VIA\u00c7\u00c3O S\u00c3O CRIST\u00d3V\u00c3O acerca do armazenamento, uso, conserva\u00e7\u00e3o e divulga\u00e7\u00e3o [&hellip;]<\/p>\n","protected":false},"author":1,"featured_media":0,"parent":0,"menu_order":0,"comment_status":"closed","ping_status":"closed","template":"","meta":{"footnotes":""},"class_list":["post-123","page","type-page","status-publish","hentry"],"_links":{"self":[{"href":"https:\/\/vsc.com.br\/transportadora\/wp-json\/wp\/v2\/pages\/123","targetHints":{"allow":["GET"]}}],"collection":[{"href":"https:\/\/vsc.com.br\/transportadora\/wp-json\/wp\/v2\/pages"}],"about":[{"href":"https:\/\/vsc.com.br\/transportadora\/wp-json\/wp\/v2\/types\/page"}],"author":[{"embeddable":true,"href":"https:\/\/vsc.com.br\/transportadora\/wp-json\/wp\/v2\/users\/1"}],"replies":[{"embeddable":true,"href":"https:\/\/vsc.com.br\/transportadora\/wp-json\/wp\/v2\/comments?post=123"}],"version-history":[{"count":2,"href":"https:\/\/vsc.com.br\/transportadora\/wp-json\/wp\/v2\/pages\/123\/revisions"}],"predecessor-version":[{"id":126,"href":"https:\/\/vsc.com.br\/transportadora\/wp-json\/wp\/v2\/pages\/123\/revisions\/126"}],"wp:attachment":[{"href":"https:\/\/vsc.com.br\/transportadora\/wp-json\/wp\/v2\/media?parent=123"}],"curies":[{"name":"wp","href":"https:\/\/api.w.org\/{rel}","templated":true}]}}