{"id":52,"date":"2020-11-09T17:23:49","date_gmt":"2020-11-09T17:23:49","guid":{"rendered":"https:\/\/vsc.com.br\/transportadora\/?page_id=52"},"modified":"2020-11-09T17:23:49","modified_gmt":"2020-11-09T17:23:49","slug":"vsc-cargas","status":"publish","type":"page","link":"https:\/\/vsc.com.br\/transportadora\/vsc-cargas\/","title":{"rendered":"VSC Cargas"},"content":{"rendered":"<p style=\"text-align: center;\"><img loading=\"lazy\" decoding=\"async\" class=\"alignnone wp-image-25 size-full\" src=\"https:\/\/vsc.com.br\/transportadora\/wp-content\/uploads\/foto-fachada-1200x492-1.jpg\" alt=\"\" width=\"1200\" height=\"492\" srcset=\"https:\/\/vsc.com.br\/transportadora\/wp-content\/uploads\/foto-fachada-1200x492-1.jpg 1200w, https:\/\/vsc.com.br\/transportadora\/wp-content\/uploads\/foto-fachada-1200x492-1-300x123.jpg 300w, https:\/\/vsc.com.br\/transportadora\/wp-content\/uploads\/foto-fachada-1200x492-1-1024x420.jpg 1024w, https:\/\/vsc.com.br\/transportadora\/wp-content\/uploads\/foto-fachada-1200x492-1-768x315.jpg 768w\" sizes=\"auto, (max-width: 1200px) 100vw, 1200px\" \/><\/p>\n<p style=\"text-align: center;\"><strong>Desde 1957 servindo com perfei\u00e7\u00e3o aos seus usu\u00e1rios.<\/strong><\/p>\n<p align=\"justify\">A Via\u00e7\u00e3o S\u00e3o Crist\u00f3v\u00e3o Ltda., com sede em Divin\u00f3polis\/MG, foi fundada no dia 21 de Novembro de 1957 e iniciou suas atividades no transporte coletivo urbano de Divin\u00f3polis com apenas uma \u201cjardineira\u201d que fazia a \u00fanica linha existente na cidade.<\/p>\n<p align=\"justify\">Algum tempo depois, com a entrada de novos s\u00f3cios na sociedade, tornou-se, ainda mais s\u00f3lida, uma vez que aqueles, j\u00e1 sustentavam as linhas intermunicipais de Divin\u00f3polis a S\u00e3o Jo\u00e3o Del Rei e Nova Serrana a Bom Despacho.<\/p>\n<p align=\"justify\">Com a empresa fortalecida e grande a aceita\u00e7\u00e3o dos usu\u00e1rios, foram criadas novas liga\u00e7\u00f5es no transporte coletivo urbano em Divin\u00f3polis.<\/p>\n<p align=\"justify\">Com o crescimento do pa\u00eds, a Via\u00e7\u00e3o S\u00e3o Crist\u00f3v\u00e3o, em 1967, resolveu ampliar os seus horizontes, implantando mais linhas intermunicipais e fazendo a liga\u00e7\u00e3o entre Divin\u00f3polis e cidades vizinhas a S\u00e3o Paulo, o que favoreceu em muito \u00e0 popula\u00e7\u00e3o, pois aquela capital tinha neg\u00f3cios promissores, al\u00e9m de ser a refer\u00eancia em estudos e sa\u00fade.<\/p>\n<p align=\"justify\">Atualmente a Via\u00e7\u00e3o S\u00e3o Crist\u00f3v\u00e3o opera mais de 50 linhas intermunicipais e 8 interestaduais. \u00c9 dotada de uma frota com ve\u00edculos de \u00faltima gera\u00e7\u00e3o, contando com mais de 600 colaboradores qualificados e treinados nas f\u00e1bricas e dentro das suas depend\u00eancias.<\/p>\n<p align=\"justify\">Tem como miss\u00e3o servir com perfei\u00e7\u00e3o aos seus usu\u00e1rios, visando alcan\u00e7ar a excel\u00eancia na gest\u00e3o do transporte coletivo de passageiros.<\/p>\n<p align=\"justify\">E utilizando de toda a experi\u00eancia em transporte de passageiros, foi criada h\u00e1 a S\u00e3o Cristov\u00e3o Cargas, que busca proporcionar aos clientes o que \u00e9 fundamental no ramo de transportes: a solu\u00e7\u00e3o em transporte traduzida em rapidez, efici\u00eancia e transpar\u00eancia.<\/p>\n","protected":false},"excerpt":{"rendered":"<p>Desde 1957 servindo com perfei\u00e7\u00e3o aos seus usu\u00e1rios. A Via\u00e7\u00e3o S\u00e3o Crist\u00f3v\u00e3o Ltda., com sede em Divin\u00f3polis\/MG, foi fundada no dia 21 de Novembro de 1957 e iniciou suas atividades no transporte coletivo urbano de Divin\u00f3polis com apenas uma \u201cjardineira\u201d que fazia a \u00fanica linha existente na cidade. Algum tempo depois, com a entrada de [&hellip;]<\/p>\n","protected":false},"author":1,"featured_media":0,"parent":0,"menu_order":0,"comment_status":"closed","ping_status":"closed","template":"","meta":{"footnotes":""},"class_list":["post-52","page","type-page","status-publish","hentry"],"_links":{"self":[{"href":"https:\/\/vsc.com.br\/transportadora\/wp-json\/wp\/v2\/pages\/52","targetHints":{"allow":["GET"]}}],"collection":[{"href":"https:\/\/vsc.com.br\/transportadora\/wp-json\/wp\/v2\/pages"}],"about":[{"href":"https:\/\/vsc.com.br\/transportadora\/wp-json\/wp\/v2\/types\/page"}],"author":[{"embeddable":true,"href":"https:\/\/vsc.com.br\/transportadora\/wp-json\/wp\/v2\/users\/1"}],"replies":[{"embeddable":true,"href":"https:\/\/vsc.com.br\/transportadora\/wp-json\/wp\/v2\/comments?post=52"}],"version-history":[{"count":1,"href":"https:\/\/vsc.com.br\/transportadora\/wp-json\/wp\/v2\/pages\/52\/revisions"}],"predecessor-version":[{"id":54,"href":"https:\/\/vsc.com.br\/transportadora\/wp-json\/wp\/v2\/pages\/52\/revisions\/54"}],"wp:attachment":[{"href":"https:\/\/vsc.com.br\/transportadora\/wp-json\/wp\/v2\/media?parent=52"}],"curies":[{"name":"wp","href":"https:\/\/api.w.org\/{rel}","templated":true}]}}