{"id":70,"date":"2020-11-09T14:44:43","date_gmt":"2020-11-09T17:44:43","guid":{"rendered":"https:\/\/vsc.com.br\/transportadora\/?page_id=70"},"modified":"2020-11-09T14:45:59","modified_gmt":"2020-11-09T17:45:59","slug":"atendimento","status":"publish","type":"page","link":"https:\/\/vsc.com.br\/transportadora\/atendimento\/","title":{"rendered":"ATENDIMENTO"},"content":{"rendered":"<p style=\"text-align: center;\" align=\"justify\"><img loading=\"lazy\" decoding=\"async\" class=\"alignnone wp-image-32 size-full\" src=\"https:\/\/vsc.com.br\/transportadora\/wp-content\/uploads\/pic07-1024x369-1.jpg\" alt=\"\" width=\"1024\" height=\"369\" srcset=\"https:\/\/vsc.com.br\/transportadora\/wp-content\/uploads\/pic07-1024x369-1.jpg 1024w, https:\/\/vsc.com.br\/transportadora\/wp-content\/uploads\/pic07-1024x369-1-300x108.jpg 300w, https:\/\/vsc.com.br\/transportadora\/wp-content\/uploads\/pic07-1024x369-1-768x277.jpg 768w\" sizes=\"auto, (max-width: 1024px) 100vw, 1024px\" \/><\/p>\n<p align=\"justify\">A S\u00e3o Crist\u00f3v\u00e3o Cargas foi criada h\u00e1 50 anos, para proporcionar aos nossos clientes o que \u00e9 fundamental no ramo: solu\u00e7\u00e3o em transporte traduzida em rapidez, efici\u00eancia e transpar\u00eancia.<\/p>\n<p align=\"justify\">Oferecemos ao p\u00fablico log\u00edstica e distribui\u00e7\u00e3o de mercadorias nas cidade de S\u00e3o Paulo e Regi\u00e3o Metropolitana de S\u00e3o Paulo. Al\u00e9m disso, nosso transporte rodovi\u00e1rio atende a regi\u00e3o Centro Oeste de Minas Gerais, Belo Horizonte, regi\u00e3o metropolitana de Belo Horizonte e Rio de Janeiro.<\/p>\n<p align=\"justify\">A S\u00e3o Cristov\u00e3o Cargas tem como pol\u00edtica interna de qualidade, suprir todas as necessidades de transporte de nossos clientes, com agilidade e seguran\u00e7a para garantir a total satisfa\u00e7\u00e3o de nossos clientes. E como diferencial de nossa empresa, valorizamos a dedica\u00e7\u00e3o no atendimento buscando informar e conquistar todos os clientes. Dessa forma, prezamos padr\u00f5es de qualidade em todos os processos de transporte, desde a retirada at\u00e9 a entrega do produto no destino, tendo como resultado final a total solu\u00e7\u00e3o do que propusemos fazer, bem como a completa satisfa\u00e7\u00e3o do cliente.<\/p>\n<p align=\"justify\">Trabalhamos com carga fracionada e carga fechada, e neste processo garantimos agilidade na retirada e rapidez na entrega e principalmente, tranquilidade no que se refere \u00e0 seguran\u00e7a de sua carga. Estamos aptos a atender diversos segmentos para envios de documentos, mercadorias, encomendas tais como: Log\u00edstica, com\u00e9rcio varejista, publicit\u00e1rio\/promocional, cosm\u00e9ticos e editorial.<\/p>\n<p align=\"justify\">Conhe\u00e7a abaixo as cidades atendidas pela S\u00e3o Cristov\u00e3o:<\/p>\n<p align=\"justify\">Ara\u00fajos, Azurita, Bom Despacho, Carmo da Mata, Carmo do Cajur\u00fa, Cl\u00e1udio, Divin\u00f3polis, Ita\u00fana, Igaratinga, Mateus Leme, Par\u00e1 de Minas, Perdig\u00e3o , Santo Ant\u00f4nio do Campos, S\u00e3o Gon\u00e7alo do Par\u00e1, S\u00e3o Sebasti\u00e3o do Oeste, Abaet\u00e9 , Dores do Indai\u00e1, Luz, Martinho Campos, Itapecerica, Belo Horizonte, Betim, Contagem, Ibirit\u00e9, Nova Lima, Ribeir\u00e3o das Neves, Sabar\u00e1, Santa Luzia, Americana, Caieiras, Campinas, Hortol\u00e2ndia, Itupeva, Jundia\u00ed, Nova Odessa, Santa B\u00e1rbara D\u00b4Oeste, Sumar\u00e9, Valinhos, Vinhedo, Lagoa da Prata, Moema, Santo Ant\u00f4nio do Monte, Belford Roxo, Duque de Caxias, Mesquita, Nil\u00f3polis, Niter\u00f3i, Nova Igua\u00e7u, Queimados, Rio de Janeiro, S\u00e3o Gon\u00e7alo, S\u00e3o Jo\u00e3o de Meriti, Barueri, Carapicu\u00edba, Cotia, Diadema, Embu das Artes, Guarulhos, Itapecerica da Serra, Itapevi, Jandira, Mau\u00e1, Osasco, Santo Andr\u00e9, S\u00e3o Bernardo do Campo, S\u00e3o Caetano do Sul, S\u00e3o Paulo Capital, Tabo\u00e3o da Serra.<\/p>\n","protected":false},"excerpt":{"rendered":"<p>A S\u00e3o Crist\u00f3v\u00e3o Cargas foi criada h\u00e1 50 anos, para proporcionar aos nossos clientes o que \u00e9 fundamental no ramo: solu\u00e7\u00e3o em transporte traduzida em rapidez, efici\u00eancia e transpar\u00eancia. Oferecemos ao p\u00fablico log\u00edstica e distribui\u00e7\u00e3o de mercadorias nas cidade de S\u00e3o Paulo e Regi\u00e3o Metropolitana de S\u00e3o Paulo. Al\u00e9m disso, nosso transporte rodovi\u00e1rio atende a [&hellip;]<\/p>\n","protected":false},"author":1,"featured_media":0,"parent":0,"menu_order":0,"comment_status":"closed","ping_status":"closed","template":"template-full-width.php","meta":{"footnotes":""},"class_list":["post-70","page","type-page","status-publish","hentry"],"_links":{"self":[{"href":"https:\/\/vsc.com.br\/transportadora\/wp-json\/wp\/v2\/pages\/70","targetHints":{"allow":["GET"]}}],"collection":[{"href":"https:\/\/vsc.com.br\/transportadora\/wp-json\/wp\/v2\/pages"}],"about":[{"href":"https:\/\/vsc.com.br\/transportadora\/wp-json\/wp\/v2\/types\/page"}],"author":[{"embeddable":true,"href":"https:\/\/vsc.com.br\/transportadora\/wp-json\/wp\/v2\/users\/1"}],"replies":[{"embeddable":true,"href":"https:\/\/vsc.com.br\/transportadora\/wp-json\/wp\/v2\/comments?post=70"}],"version-history":[{"count":2,"href":"https:\/\/vsc.com.br\/transportadora\/wp-json\/wp\/v2\/pages\/70\/revisions"}],"predecessor-version":[{"id":73,"href":"https:\/\/vsc.com.br\/transportadora\/wp-json\/wp\/v2\/pages\/70\/revisions\/73"}],"wp:attachment":[{"href":"https:\/\/vsc.com.br\/transportadora\/wp-json\/wp\/v2\/media?parent=70"}],"curies":[{"name":"wp","href":"https:\/\/api.w.org\/{rel}","templated":true}]}}