{"id":77,"date":"2020-11-09T14:48:30","date_gmt":"2020-11-09T17:48:30","guid":{"rendered":"https:\/\/vsc.com.br\/transportadora\/?page_id=77"},"modified":"2020-11-09T14:48:30","modified_gmt":"2020-11-09T17:48:30","slug":"informacoes","status":"publish","type":"page","link":"https:\/\/vsc.com.br\/transportadora\/informacoes\/","title":{"rendered":"INFORMA\u00c7\u00d5ES"},"content":{"rendered":"<p style=\"text-align: center;\">Tire aqui todas suas d\u00favidas<\/p>\n<p align=\"justify\"><b>\u2022 O QUE S\u00c3O AS TAXAS COBRADAS NO FRETE?<br \/>\n<\/b>AD Valorem (Frete Valor) : Porcentagem cobrada sobre o valor da Nota Fiscal da mercadoria transportada<br \/>\nFrete Peso: Valor cobrado pelo peso ou pelo espa\u00e7o f\u00edsico proporcional em m3<br \/>\nGRIS: Taxa de Gerenciamento de Risco<br \/>\nTRT: Taxa de Restri\u00e7\u00e3o ao Tr\u00e2nsito<\/p>\n<p align=\"justify\"><b>\u2022 COMO \u00c9 CALCULADO O FRETE?<\/b><br \/>\nPara definir o valor do frete, \u00e9 feito um c\u00e1lculo com as seguintes informa\u00e7\u00f5es: peso real da mercadoria ou peso cubado (o que for maior), valor da Nota Fiscal, local de origem e de destino. O frete ser\u00e1 calculado com base nestas informa\u00e7\u00f5es e, se for o caso, poder\u00e1 ser somado ao valor Taxas (FRETE PESO, AD VALOREM, GRIS, TAS, TRT e PED\u00c1GIO) e Tributos existentes (ICMS). Em algumas cidades onde houver Zona M\u00e1xima de Restri\u00e7\u00e3o de Circula\u00e7\u00e3o, poder\u00e1 ser cobrado a TR.<\/p>\n<p align=\"justify\"><b>\u2022 A VSC CARGAS TRANSPORTA SEM NOTA FISCAL?<\/b><br \/>\nN\u00e3o \u00e9 poss\u00edvel realizar o transporte sem documenta\u00e7\u00e3o, que via de regra \u00e9 a Nota fiscal da mercadoria. Apenas h\u00e1 exce\u00e7\u00e3o da substitui\u00e7\u00e3o da Nota Fiscal por Declara\u00e7\u00e3o para o Transporte, quando o cliente for isento e possuir autoriza\u00e7\u00e3o da Receita Estadual.<\/p>\n<p align=\"justify\"><b>\u2022 O QUE \u00c9 CUBAGEM?<\/b><br \/>\nCubagem \u00e9 o espa\u00e7o f\u00edsico que a mercadoria efetivamente ocupa e esta medi\u00e7\u00e3o leva em considera\u00e7\u00e3o o peso e o tamanho das mercadorias. Basta efetuar a seguinte conta: Multiplique as medidas de ALTURA X COMPRIMENTO X LARGURA da carga para chegar na metragem c\u00fabica. No transporte rodovi\u00e1rio, multiplique a metragem c\u00fabica por 300. Estes n\u00fameros representam a fra\u00e7\u00e3o ideal de peso para ocupa\u00e7\u00e3o do ve\u00edculo. Por fim, multiplique pela quantidade de volumes. Quando a cubagem for maior que o peso real da carga, consideramos para efeito de frete o peso cubado.<\/p>\n<p><b>\u2022 QUAIS S\u00c3O AS CIDADES ATENDIDAS PELA VSC CARGAS?<\/b><br \/>\nA VSC Cargas atua nas seguintes cidades: Ara\u00fajos, Azurita, Bom Despacho, Carmo da Mata, Carmo do Cajur\u00fa, Cl\u00e1udio, Divin\u00f3polis, Ita\u00fana, Igaratinga, Mateus Leme, Par\u00e1 de Minas, Perdig\u00e3o , Santo Ant\u00f4nio do Campos, S\u00e3o Gon\u00e7alo do Par\u00e1, S\u00e3o Sebasti\u00e3o do Oeste, Abaet\u00e9 , Dores do Indai\u00e1, Luz, Martinho Campos, Itapecerica, Belo Horizonte, Betim, Contagem, Ibirit\u00e9, Nova Lima, Ribeir\u00e3o das Neves, Sabar\u00e1, Santa Luzia, Americana, Caieiras, Campinas, Hortol\u00e2ndia, Itupeva, Jundia\u00ed, Nova Odessa, Santa B\u00e1rbara D\u00b4Oeste, Sumar\u00e9, Valinhos, Vinhedo, Lagoa da Prata, Moema, Santo Ant\u00f4nio do Monte, Belford Roxo, Duque de Caxias, Mesquita, Nil\u00f3polis, Niter\u00f3i, Nova Igua\u00e7u, Queimados, Rio de Janeiro, S\u00e3o Gon\u00e7alo, S\u00e3o Jo\u00e3o de Meriti, Barueri, Carapicu\u00edba, Cotia, Diadema, Embu das Artes, Guarulhos, Itapecerica da Serra, Itapevi, Jandira, Mau\u00e1, Osasco, Santo Andr\u00e9, S\u00e3o Bernardo do Campo, S\u00e3o Caetano do Sul, S\u00e3o Paulo Capital, Tabo\u00e3o da Serra.<\/p>\n<p><b>\u2022 POR QUE TENHO QUE PEDIR AUTORIZA\u00c7\u00c3O DE RETIRA AO REMETENTE SE O MATERIAL \u00c9 MEU?<\/b><br \/>\nPor quest\u00f5es de seguran\u00e7a, o remetente precisa autorizar a retirada da mercadoria caso n\u00e3o conste na Nota Fiscal a informa\u00e7\u00e3o completa sobre a entrega\/retirada da mercadoria. Quando n\u00e3o houver informa\u00e7\u00e3o na Nota Fiscal, \u00e9 necess\u00e1rio que a empresa remetente autorize a empresa destinat\u00e1ria a realizar a retirada, al\u00e9m de autorizar uma pessoa espec\u00edfica a retirar a mercadoria atrav\u00e9s de Carta de Autoriza\u00e7\u00e3o de Retira em papel timbrado, com carimbo da empresa com CNPJ, al\u00e9m de nome e n\u00famero de RG e CPF da pessoa que ir\u00e1 realizar a retira.<\/p>\n<p><b>\u2022 A VSC CARGAS FAZ MUDAN\u00c7AS?<\/b><br \/>\nN\u00e3o, pois itens de mudan\u00e7as n\u00e3o est\u00e3o dentro do perfil de carga transportada e para estes casos n\u00e3o \u00e9 oferecida a documenta\u00e7\u00e3o obrigat\u00f3ria necess\u00e1ria.<\/p>\n<p><b>\u2022 O QUE \u00c9 TPC?<\/b><br \/>\n\u00c9 a Taxa de Perman\u00eancia de Carga. Esta cobran\u00e7a acontecer\u00e1 quando houver a necessidade de armazenagem por motivos alheios ao transportador. Ex: Fiscaliza\u00e7\u00e3o, agendamento de entrega, etc.<\/p>\n<p><b>\u2022 COMO FAZER A SOLICITA\u00c7\u00c3O DE SEGUNDA VIA DE BOLETO?<\/b><br \/>\nVoc\u00ea pode entrar em contato com a Central de Cobran\u00e7a da VSC Cargas pelo telefone (37) 3229-1478 ou enviar e-mail para\u00a0<a href=\"mailto:faturamento@vsc.com.br\">faturamento@vsc.com.br<\/a>.<\/p>\n<p><b>\u2022 COMO REALIZAR UMA COTA\u00c7\u00c3O?<\/b><br \/>\nTenha em m\u00e3os a nota fiscal da mercadoria ou todas as informa\u00e7\u00f5es abaixo e entre em contato com a VSC Cargas pelo telefone (37) 3229-1478 ou\u00a0<a href=\"https:\/\/koop.com.br\/cargas\/cotacao.html\" target=\"_self\" rel=\"noopener noreferrer\">clique aqui<\/a>.<\/p>\n<p>&#8211; CNPJ da Empresa Remetente e Destino;<br \/>\n&#8211; CNPJ do pagante do frete;<br \/>\n&#8211; Endere\u00e7o completo de Coleta e de Entrega;<br \/>\n&#8211; Peso total da mercadoria;<br \/>\n&#8211; Medidas da mercadoria em cm (Altura x Comprimento x Largura)<br \/>\n&#8211; Valor total da Nota em R$;<br \/>\n&#8211; Material a ser transportado;<br \/>\n&#8211; Tipo de embalagem do material;<br \/>\n&#8211; Quantidade de volumes.<\/p>\n<p><b>\u2022 COMO SOLICITAR UMA COLETA?<\/b><br \/>\nTenha em m\u00e3os a nota fiscal da mercadoria ou todas as informa\u00e7\u00f5es abaixo e entre em contato com a VSC Cargas pelo telefone (37) 3229-1478 ou\u00a0<a href=\"http:\/\/ssw.inf.br\/2\/coleta?sigla_emp=VSC\" target=\"_blank\" rel=\"noopener noreferrer\">clique aqui<\/a>.<\/p>\n<p>&#8211; CNPJ da Empresa Remetente e Destino;<br \/>\n&#8211; Raz\u00e3o Social da Empresa Remetente e Destino;<br \/>\n&#8211; Nome de Contato;<br \/>\n&#8211; Telefone para contato;<br \/>\n&#8211; Endere\u00e7o completo;<br \/>\n&#8211; Peso em Kg;<br \/>\n&#8211; Quantidade de volumes;<br \/>\n&#8211; Qual o tipo de material e como est\u00e1 embalado;<br \/>\n&#8211; Natureza de opera\u00e7\u00e3o da Nota Fiscal;<br \/>\n&#8211; Observa\u00e7\u00f5es, se houver.<\/p>\n<p><b>\u2022 COMO DEVO EMBALAR MINHA MERCADORIA?<\/b><br \/>\nAs mercadorias devem estar embaladas em caixas de papel\u00e3o ou embalagens adequadas para que n\u00e3o sofram avarias ou danifiquem outras mercadorias. Nos casos de volumes muito grandes, estes dever\u00e3o ser embalados em caixa de madeira totalmente fechada ou engradado de madeira, respeitando uma dist\u00e2ncia entre as ripas de no m\u00e1ximo 5 cm. O acondicionamento da mercadoria deve ser criterioso. N\u00e3o deve existir folga dentro da embalagem para evitar a movimenta\u00e7\u00e3o do material durante o transporte. Para preencher as folgas, utilize isopor, pl\u00e1stico bolha, jornal, etc. A embalagem deve oferecer boa resist\u00eancia em todos os seus lados e n\u00e3o apenas nos cantos.<\/p>\n<p><b>\u2022 A VSC CARGAS TRANSPORTA SEM EMBALAGENS?<\/b><br \/>\nN\u00e3o, A VSC Cargas n\u00e3o transporta mercadorias sem embalagem.<\/p>\n<p><b>\u2022 O QUE \u00c9 ICMS E COMO ELE \u00c9 CALCULADO?<\/b><br \/>\nO ICMS (Imposto sobre Circula\u00e7\u00e3o de Mercadorias e Presta\u00e7\u00e3o de Servi\u00e7os) \u00e9 um tributo de compet\u00eancia de cada Estado que incide sobre a circula\u00e7\u00e3o de mercadorias. Assim, \u00e9 cobrado um percentual sobre o valor de Nota Fiscal de acordo com a legisla\u00e7\u00e3o vigente, podendo variar de acordo com a opera\u00e7\u00e3o, o frete e os estados de origem e destino da mercadoria. Para saber mais, consulte a legisla\u00e7\u00e3o dos estados de origem e destino.<\/p>\n","protected":false},"excerpt":{"rendered":"<p>Tire aqui todas suas d\u00favidas \u2022 O QUE S\u00c3O AS TAXAS COBRADAS NO FRETE? AD Valorem (Frete Valor) : Porcentagem cobrada sobre o valor da Nota Fiscal da mercadoria transportada Frete Peso: Valor cobrado pelo peso ou pelo espa\u00e7o f\u00edsico proporcional em m3 GRIS: Taxa de Gerenciamento de Risco TRT: Taxa de Restri\u00e7\u00e3o ao Tr\u00e2nsito [&hellip;]<\/p>\n","protected":false},"author":1,"featured_media":0,"parent":0,"menu_order":0,"comment_status":"closed","ping_status":"closed","template":"template-full-width.php","meta":{"footnotes":""},"class_list":["post-77","page","type-page","status-publish","hentry"],"_links":{"self":[{"href":"https:\/\/vsc.com.br\/transportadora\/wp-json\/wp\/v2\/pages\/77","targetHints":{"allow":["GET"]}}],"collection":[{"href":"https:\/\/vsc.com.br\/transportadora\/wp-json\/wp\/v2\/pages"}],"about":[{"href":"https:\/\/vsc.com.br\/transportadora\/wp-json\/wp\/v2\/types\/page"}],"author":[{"embeddable":true,"href":"https:\/\/vsc.com.br\/transportadora\/wp-json\/wp\/v2\/users\/1"}],"replies":[{"embeddable":true,"href":"https:\/\/vsc.com.br\/transportadora\/wp-json\/wp\/v2\/comments?post=77"}],"version-history":[{"count":1,"href":"https:\/\/vsc.com.br\/transportadora\/wp-json\/wp\/v2\/pages\/77\/revisions"}],"predecessor-version":[{"id":79,"href":"https:\/\/vsc.com.br\/transportadora\/wp-json\/wp\/v2\/pages\/77\/revisions\/79"}],"wp:attachment":[{"href":"https:\/\/vsc.com.br\/transportadora\/wp-json\/wp\/v2\/media?parent=77"}],"curies":[{"name":"wp","href":"https:\/\/api.w.org\/{rel}","templated":true}]}}